{"id":633,"date":"2018-02-04T12:36:14","date_gmt":"2018-02-04T12:36:14","guid":{"rendered":"http:\/\/iws-ev.de\/iws\/?page_id=633"},"modified":"2018-02-04T18:29:08","modified_gmt":"2018-02-04T18:29:08","slug":"categorydie-iws-stellt-sich-vorerkundungsteam-die-iws-stellt-sich-vor","status":"publish","type":"page","link":"http:\/\/iws-ev.de\/iws\/categorydie-iws-stellt-sich-vorerkundungsteam-die-iws-stellt-sich-vor\/","title":{"rendered":"Erkundungsteam"},"content":{"rendered":"<p><a href=\"http:\/\/iws-ev.de\/iws\/2018\/01\/22\/exkursion-mit-der-heilbronner-strassenbahn-durchs-laendle-nach-oehringen-17-2-2018\/\">Exkursion mit der Heilbronner Stra\u00dfenbahn durchs L\u00e4ndle nach \u00d6hringen \u2013 17.2.2018<\/a><\/p>\n<p><a href=\"http:\/\/iws-ev.de\/iws\/2018\/01\/22\/exkursion-oepnv-in-hessen-kur-und-festspielstadt-bad-hersfeld-7-4-2018\/\">Exkursion: \u00d6PNV in Hessen \u2013 Kur und Festspielstadt Bad Hersfeld \u2013 7.4.2018<\/a><\/p>\n<p><a href=\"http:\/\/iws-ev.de\/iws\/2017\/12\/03\/iwserkundungsteam-bilanz-2017-2\/\">IWS\/Erkundungsteam Bilanz 2017<\/a><\/p>\n<p><a href=\"http:\/\/iws-ev.de\/iws\/2017\/12\/03\/iwserkundungsteam-bilanz-2016-2\/\">IWS\/Erkundungsteam Bilanz 2016<\/a><\/p>\n<p><a href=\"http:\/\/iws-ev.de\/iws\/2017\/12\/03\/iwserkundungsteam-bilanz-2015\/\">IWS\/Erkundungsteam Bilanz 2015<\/a><\/p>\n<p><a href=\"http:\/\/iws-ev.de\/iws\/2017\/12\/03\/iwserkundungsteam-bilanz-2014\/\">IWS\/Erkundungsteam Bilanz 2014<\/a><\/p>\n<p><a href=\"http:\/\/iws-ev.de\/iws\/2017\/12\/03\/iwserkundungsteam-bilanz-2013\/\">IWS\/Erkundungsteam Bilanz 2013<\/a><\/p>\n<p><a href=\"http:\/\/iws-ev.de\/iws\/2017\/12\/03\/iwserkundungsteam-bilanz-2012\/\">IWS\/Erkundungsteam Bilanz 2012<\/a><\/p>\n<p><a href=\"http:\/\/iws-ev.de\/iws\/2017\/12\/03\/iwserkundungsteam-bilanz-2011\/\">IWS\/Erkundungsteam Bilanz 2011<\/a><\/p>\n<p>&nbsp;<\/p>\n","protected":false},"excerpt":{"rendered":"<p>Exkursion mit der Heilbronner Stra\u00dfenbahn durchs L\u00e4ndle nach \u00d6hringen \u2013 17.2.2018<br \/>\nExkursion: \u00d6PNV in Hessen \u2013 Kur und Festspielstadt Bad Hersfeld \u2013 7.4.2018<br \/>\nIWS\/Erkundungsteam Bilanz 2017<br \/>\nIWS\/Erkundungsteam Bilanz 2016<br \/>\nIWS\/Erkundungsteam Bilanz 2015<br \/>\nIWS\/Erkundungsteam Bilanz 2014<br \/>\nIWS\/Erkundungsteam Bilanz 2013<br \/>\nIWS\/Erkundungsteam Bilanz 2012<br \/>\nIWS\/Erkundungsteam Bilanz 2011<br \/>\n&nbsp;<\/p>\n","protected":false},"author":5,"featured_media":513,"parent":0,"menu_order":0,"comment_status":"closed","ping_status":"closed","template":"","meta":[],"_links":{"self":[{"href":"http:\/\/iws-ev.de\/iws\/wp-json\/wp\/v2\/pages\/633"}],"collection":[{"href":"http:\/\/iws-ev.de\/iws\/wp-json\/wp\/v2\/pages"}],"about":[{"href":"http:\/\/iws-ev.de\/iws\/wp-json\/wp\/v2\/types\/page"}],"author":[{"embeddable":true,"href":"http:\/\/iws-ev.de\/iws\/wp-json\/wp\/v2\/users\/5"}],"replies":[{"embeddable":true,"href":"http:\/\/iws-ev.de\/iws\/wp-json\/wp\/v2\/comments?post=633"}],"version-history":[{"count":7,"href":"http:\/\/iws-ev.de\/iws\/wp-json\/wp\/v2\/pages\/633\/revisions"}],"predecessor-version":[{"id":641,"href":"http:\/\/iws-ev.de\/iws\/wp-json\/wp\/v2\/pages\/633\/revisions\/641"}],"wp:featuredmedia":[{"embeddable":true,"href":"http:\/\/iws-ev.de\/iws\/wp-json\/wp\/v2\/media\/513"}],"wp:attachment":[{"href":"http:\/\/iws-ev.de\/iws\/wp-json\/wp\/v2\/media?parent=633"}],"curies":[{"name":"wp","href":"https:\/\/api.w.org\/{rel}","templated":true}]}}